{"id":469,"date":"2016-03-04T14:36:28","date_gmt":"2016-03-04T14:36:28","guid":{"rendered":"https:\/\/www.ufologiaintegrada.com.br\/site\/?page_id=469"},"modified":"2016-03-04T14:47:34","modified_gmt":"2016-03-04T14:47:34","slug":"release-monica-de-medeiros","status":"publish","type":"page","link":"https:\/\/www.ufologiaintegrada.com.br\/site\/release-monica-de-medeiros\/","title":{"rendered":"Release M\u00f4nica de Medeiros"},"content":{"rendered":"<p><img loading=\"lazy\" decoding=\"async\" class=\"alignleft wp-image-470 size-thumbnail\" src=\"https:\/\/www.ufologiaintegrada.com.br\/site\/wp-content\/uploads\/2016\/03\/monica-480x280.jpg\" alt=\"monica\" width=\"480\" height=\"280\" \/>Monica de Medeiros, sensitiva e m\u00e9dica formada pela Unicamp, com fellowship na Universidade de Illinois em Chigago, pesquisadora respeitada da \u00e1rea ufol\u00f3gica ps\u00edquica, mestra reikiana Usui-tibetano e Karuna, xaman de linhagem sioux, escritora e palestrante internacional, com confer\u00eancias sobre ufologia e espiritismo .<\/p>\n<p>Fundadora do centro universalista\u00a0 crist\u00e3o de base kardecista ,Casa do Consolador,<br \/>\nem S\u00e3o Paulo,\u00a0 que tem por meta formar livres-pensadores que possam vencer seus medos e que apresenta consistente obra social em prol de pessoas e animais em necessidade.<\/p>\n<p>Desenvolve, atrav\u00e9s de sua mediunidade, um trabalho de grande import\u00e2ncia em conjunto com um seres de Luz e com uma\u00a0 pleiadiana chamada Shellyana, trazendo uma nova proposta de compreender e atuar nos males dos seres deste planeta Terra.<\/p>\n<p>Abduzida desde os 5 anos pelos seres da ra\u00e7a gray, quando sua mediunidade tamb\u00e9m aflorou,\u00a0 se viu obrigada a pesquisar e entender o que lhe acontecia visto que n\u00e3o havia conhecimento claro sobre o assunto. Cresceu nos conhecimentos espirituais e na \u00e1rea cient\u00edfica com sua forma\u00e7\u00e3o universit\u00e1ria. Esta lhe deu respaldo para o ceticismo que lhe inspira um profundo senso investigativo e \u00e9tico em suas pesquisas.<\/p>\n<p>Com sua vis\u00e3o de vanguarda ousa pesquisar diversas ci\u00eancias ortodoxas e de ponta, onde consegue unir ci\u00eancia e espiritualidade e observar os fatos cotidianos com uma vis\u00e3o abrangente, sob v\u00e1rios \u00e2ngulos.<\/p>\n<p>Suas confer\u00eancias no Brasil e no exterior tem uma imensa receptividade e sucesso porque, com esse cabedal de conhecimentos, une assuntos t\u00e3o diversos, complexos e cient\u00edficos de uma forma did\u00e1tica e acess\u00edvel a todos.<\/p>\n<p>Mas para ela, o mais importante \u00e9 ser mais um tijolo na constru\u00e7\u00e3o da\u00a0 Nova Terra, crendo que somente atrav\u00e9s do exerc\u00edcio da fraternidade e da busca pelo auto-conhecimento \u00e9 que poderemos viver com os seres mais s\u00e1bios deste universo.<\/p>\n","protected":false},"excerpt":{"rendered":"<div class=\"entry-summary\">\n<div class=\"entry-summary\">\nMonica de Medeiros, sensitiva e m\u00e9dica formada pela Unicamp, com fellowship na&hellip;\n<\/div>\n<div class=\"link-more\"><a href=\"https:\/\/www.ufologiaintegrada.com.br\/site\/release-monica-de-medeiros\/\" class=\"more-link\">Continue reading<span class=\"screen-reader-text\"> &ldquo;Release M\u00f4nica de Medeiros&rdquo;<\/span>&hellip;<\/a><\/div>\n<\/div>\n<div class=\"link-more\"><a href=\"https:\/\/www.ufologiaintegrada.com.br\/site\/release-monica-de-medeiros\/\" class=\"more-link\">Continue reading<span class=\"screen-reader-text\"> &ldquo;Release M\u00f4nica de Medeiros&rdquo;<\/span>&hellip;<\/a><\/div>\n","protected":false},"author":1,"featured_media":0,"parent":0,"menu_order":0,"comment_status":"closed","ping_status":"closed","template":"","meta":{"jetpack_post_was_ever_published":false,"footnotes":""},"class_list":["post-469","page","type-page","status-publish","hentry","entry"],"jetpack_sharing_enabled":true,"jetpack_shortlink":"https:\/\/wp.me\/P6sNQ1-7z","_links":{"self":[{"href":"https:\/\/www.ufologiaintegrada.com.br\/site\/wp-json\/wp\/v2\/pages\/469","targetHints":{"allow":["GET"]}}],"collection":[{"href":"https:\/\/www.ufologiaintegrada.com.br\/site\/wp-json\/wp\/v2\/pages"}],"about":[{"href":"https:\/\/www.ufologiaintegrada.com.br\/site\/wp-json\/wp\/v2\/types\/page"}],"author":[{"embeddable":true,"href":"https:\/\/www.ufologiaintegrada.com.br\/site\/wp-json\/wp\/v2\/users\/1"}],"replies":[{"embeddable":true,"href":"https:\/\/www.ufologiaintegrada.com.br\/site\/wp-json\/wp\/v2\/comments?post=469"}],"version-history":[{"count":2,"href":"https:\/\/www.ufologiaintegrada.com.br\/site\/wp-json\/wp\/v2\/pages\/469\/revisions"}],"predecessor-version":[{"id":478,"href":"https:\/\/www.ufologiaintegrada.com.br\/site\/wp-json\/wp\/v2\/pages\/469\/revisions\/478"}],"wp:attachment":[{"href":"https:\/\/www.ufologiaintegrada.com.br\/site\/wp-json\/wp\/v2\/media?parent=469"}],"curies":[{"name":"wp","href":"https:\/\/api.w.org\/{rel}","templated":true}]}}