{"id":472,"date":"2016-03-04T14:40:05","date_gmt":"2016-03-04T14:40:05","guid":{"rendered":"https:\/\/www.ufologiaintegrada.com.br\/site\/?page_id=472"},"modified":"2016-03-04T14:40:05","modified_gmt":"2016-03-04T14:40:05","slug":"release-margarete-aquila","status":"publish","type":"page","link":"https:\/\/www.ufologiaintegrada.com.br\/site\/release-margarete-aquila\/","title":{"rendered":"Release Margarete \u00c1quila"},"content":{"rendered":"<p><img loading=\"lazy\" decoding=\"async\" class=\"size-thumbnail wp-image-473 alignleft\" src=\"https:\/\/www.ufologiaintegrada.com.br\/site\/wp-content\/uploads\/2016\/03\/margarete-480x280.jpg\" alt=\"margarete\" width=\"480\" height=\"280\" \/>MARGARETE \u00c1QUILA, musicista, psicanalista e cantora h\u00e1 25 anos.<\/p>\n<p>H\u00e1 13 anos desenvolve seu trabalho musical para relaxamento e cura energ\u00e9tica. Gravou 8 cd\u00b4s e 2 DVD\u00b4s ao vivo.<\/p>\n<p>Formada em Matem\u00e1tica e Inform\u00e1tica. P\u00f3s graduada em Gerenciamento e sistemas de Informa\u00e7\u00f5es.<\/p>\n<p>H\u00e1 14 anos atua como pesquisadora e expositora de estudos metaf\u00edsicos, espirituais, de autoconhecimento e ufologia em pesquisas com abduzidos e contatados.<\/p>\n<p>Coordena, juntamente com M\u00f4nica de Medeiros, um grupo de Contatados e Abduzidos.<\/p>\n<p>Utiliza-se da m\u00fasica e psican\u00e1lise para modificar nos ouvintes o padr\u00e3o de sentimentos e emo\u00e7\u00f5es.<\/p>\n","protected":false},"excerpt":{"rendered":"<div class=\"entry-summary\">\n<div class=\"entry-summary\">\nMARGARETE \u00c1QUILA, musicista, psicanalista e cantora h\u00e1 25 anos. H\u00e1 13 anos&hellip;\n<\/div>\n<div class=\"link-more\"><a href=\"https:\/\/www.ufologiaintegrada.com.br\/site\/release-margarete-aquila\/\" class=\"more-link\">Continue reading<span class=\"screen-reader-text\"> &ldquo;Release Margarete \u00c1quila&rdquo;<\/span>&hellip;<\/a><\/div>\n<\/div>\n<div class=\"link-more\"><a href=\"https:\/\/www.ufologiaintegrada.com.br\/site\/release-margarete-aquila\/\" class=\"more-link\">Continue reading<span class=\"screen-reader-text\"> &ldquo;Release Margarete \u00c1quila&rdquo;<\/span>&hellip;<\/a><\/div>\n","protected":false},"author":1,"featured_media":0,"parent":0,"menu_order":0,"comment_status":"closed","ping_status":"closed","template":"","meta":{"jetpack_post_was_ever_published":false,"footnotes":""},"class_list":["post-472","page","type-page","status-publish","hentry","entry"],"jetpack_sharing_enabled":true,"jetpack_shortlink":"https:\/\/wp.me\/P6sNQ1-7C","_links":{"self":[{"href":"https:\/\/www.ufologiaintegrada.com.br\/site\/wp-json\/wp\/v2\/pages\/472","targetHints":{"allow":["GET"]}}],"collection":[{"href":"https:\/\/www.ufologiaintegrada.com.br\/site\/wp-json\/wp\/v2\/pages"}],"about":[{"href":"https:\/\/www.ufologiaintegrada.com.br\/site\/wp-json\/wp\/v2\/types\/page"}],"author":[{"embeddable":true,"href":"https:\/\/www.ufologiaintegrada.com.br\/site\/wp-json\/wp\/v2\/users\/1"}],"replies":[{"embeddable":true,"href":"https:\/\/www.ufologiaintegrada.com.br\/site\/wp-json\/wp\/v2\/comments?post=472"}],"version-history":[{"count":1,"href":"https:\/\/www.ufologiaintegrada.com.br\/site\/wp-json\/wp\/v2\/pages\/472\/revisions"}],"predecessor-version":[{"id":474,"href":"https:\/\/www.ufologiaintegrada.com.br\/site\/wp-json\/wp\/v2\/pages\/472\/revisions\/474"}],"wp:attachment":[{"href":"https:\/\/www.ufologiaintegrada.com.br\/site\/wp-json\/wp\/v2\/media?parent=472"}],"curies":[{"name":"wp","href":"https:\/\/api.w.org\/{rel}","templated":true}]}}