{"id":6217,"date":"2020-04-13T16:02:55","date_gmt":"2020-04-13T16:02:55","guid":{"rendered":"https:\/\/www.ufologiaintegrada.com.br\/site\/?page_id=6217"},"modified":"2020-04-13T16:38:15","modified_gmt":"2020-04-13T16:38:15","slug":"duvidas","status":"publish","type":"page","link":"https:\/\/www.ufologiaintegrada.com.br\/site\/duvidas\/","title":{"rendered":"D\u00favidas"},"content":{"rendered":"\n<h2 class=\"wp-block-heading\">Como comprar<\/h2>\n\n\n\n<p>Fa\u00e7a seu Cadastro no site, com os dados que vai receber no seu e-mail fa\u00e7a o Login, ent\u00e3o fa\u00e7a suas compras optando pela plataforma Pagseguro, escolha o m\u00e9todo de pagamento cart\u00e3o de cr\u00e9dito ou Boleto, se optar por boleto v\u00e1 em imprimir\/visualizar boleto, a\u00ed voc\u00ea poder\u00e1 baix\u00e1-lo em PDF ou usar o c\u00f3digo de barras para efetuar o pagamento.. Assim que o pagamento for liberado pela plataforma escolhida o seu produto estar\u00e1 liberado na sua \u00e1rea do cliente para ser baixado em nosso site ou no caso de produto f\u00edsico ser\u00e1 remetido via correio.<\/p>\n\n\n\n<h2 class=\"wp-block-heading\">Como fazer Download do produto<\/h2>\n\n\n\n<p>Fa\u00e7a o Login em nosso site, na sua \u00e1rea do cliente\/profile v\u00e1 na lista \u00e0 esquerda em Downloads e clique no seu produto para baix\u00e1-lo.<\/p>\n","protected":false},"excerpt":{"rendered":"<div class=\"entry-summary\">\n<div class=\"entry-summary\">\nComo comprar Fa\u00e7a seu Cadastro no site, com os dados que vai&hellip;\n<\/div>\n<div class=\"link-more\"><a href=\"https:\/\/www.ufologiaintegrada.com.br\/site\/duvidas\/\" class=\"more-link\">Continue reading<span class=\"screen-reader-text\"> &ldquo;D\u00favidas&rdquo;<\/span>&hellip;<\/a><\/div>\n<\/div>\n<div class=\"link-more\"><a href=\"https:\/\/www.ufologiaintegrada.com.br\/site\/duvidas\/\" class=\"more-link\">Continue reading<span class=\"screen-reader-text\"> &ldquo;D\u00favidas&rdquo;<\/span>&hellip;<\/a><\/div>\n","protected":false},"author":1,"featured_media":0,"parent":0,"menu_order":0,"comment_status":"closed","ping_status":"closed","template":"","meta":{"jetpack_post_was_ever_published":false,"footnotes":""},"class_list":["post-6217","page","type-page","status-publish","hentry","entry"],"jetpack_sharing_enabled":true,"jetpack_shortlink":"https:\/\/wp.me\/P6sNQ1-1Ch","_links":{"self":[{"href":"https:\/\/www.ufologiaintegrada.com.br\/site\/wp-json\/wp\/v2\/pages\/6217","targetHints":{"allow":["GET"]}}],"collection":[{"href":"https:\/\/www.ufologiaintegrada.com.br\/site\/wp-json\/wp\/v2\/pages"}],"about":[{"href":"https:\/\/www.ufologiaintegrada.com.br\/site\/wp-json\/wp\/v2\/types\/page"}],"author":[{"embeddable":true,"href":"https:\/\/www.ufologiaintegrada.com.br\/site\/wp-json\/wp\/v2\/users\/1"}],"replies":[{"embeddable":true,"href":"https:\/\/www.ufologiaintegrada.com.br\/site\/wp-json\/wp\/v2\/comments?post=6217"}],"version-history":[{"count":4,"href":"https:\/\/www.ufologiaintegrada.com.br\/site\/wp-json\/wp\/v2\/pages\/6217\/revisions"}],"predecessor-version":[{"id":6222,"href":"https:\/\/www.ufologiaintegrada.com.br\/site\/wp-json\/wp\/v2\/pages\/6217\/revisions\/6222"}],"wp:attachment":[{"href":"https:\/\/www.ufologiaintegrada.com.br\/site\/wp-json\/wp\/v2\/media?parent=6217"}],"curies":[{"name":"wp","href":"https:\/\/api.w.org\/{rel}","templated":true}]}}