{"id":2195,"date":"2019-08-21T18:53:08","date_gmt":"2019-08-21T18:53:08","guid":{"rendered":"https:\/\/www.ufologiaintegrada.com.br\/site\/?post_type=product&#038;p=2195"},"modified":"2020-04-02T13:39:59","modified_gmt":"2020-04-02T13:39:59","slug":"ufologia-e-xamanismo-video-mp4","status":"publish","type":"product","link":"https:\/\/www.ufologiaintegrada.com.br\/site\/produto\/ufologia-e-xamanismo-video-mp4\/","title":{"rendered":"UFOLOGIA E XAMANISMO (V\u00eddeo mp4)"},"content":{"rendered":"<p><u>M\u00f4nica de Medeiros<\/u><\/p>\n<ul>\n<li>A palestrante que tamb\u00e9m \u00e9 xam\u00e3, convida os presentes a um exerc\u00edcio xam\u00e2nico, para encontrarem o seu animal de poder. E a experi\u00eancia, depois,\u00a0 \u00e9 compartilhada.<\/li>\n<li>A extraterrestre Shellyana &#8211;\u00a0 de 5a dimens\u00e3o se dirige \u00e0 plateia atrav\u00e9s da palestrante. Fala sobre o momento atual do planeta Terra e responde perguntas sobre chips, tri\u00e2ngulo das bermudas, fraternidade branca, confedera\u00e7\u00e3o gal\u00e1tica, sintonia necess\u00e1ria para entrar em contato com os extraterrestres, religi\u00f5es, a fonte criadora, e muitos outros temas, durante 80 minutos.<\/li>\n<li>E enfatiza que a \u00fanica possibilidade evolutiva do planeta Terra \u00e9 o exerc\u00edcio da fraternidade e convida a todos a serem multiplicadores da fraternidade por palavras, emo\u00e7\u00f5es e a\u00e7\u00f5es.<\/li>\n<\/ul>\n","protected":false},"excerpt":{"rendered":"<div class=\"entry-summary\">\n<div class=\"entry-summary\">\nIII F\u00f3rum Mundial de Contatados &#8211; Porto Alegre\/RS &#8211; junho\/2015<\/p>\n<ul>\n<li><strong>Na compra de 4 ou mais produtos virtuais o pre\u00e7o cai de R$ 20,00 para R$ 15,00.<\/strong><\/li>\n<li><strong>\u00a0Ap\u00f3s a aprova\u00e7\u00e3o do pagamento um link ser\u00e1 enviado informando que o v\u00eddeo est\u00e1 dispon\u00edvel para Download no formato .mp4. ( tamanho 2 gb)<\/strong><\/li>\n<\/ul>\n<\/div>\n<\/div>\n","protected":false},"featured_media":545,"template":"","meta":{"jetpack_post_was_ever_published":false,"jetpack_publicize_message":"","jetpack_publicize_feature_enabled":true,"jetpack_social_post_already_shared":true,"jetpack_social_options":{"image_generator_settings":{"template":"highway","default_image_id":0,"font":"","enabled":false},"version":2}},"product_brand":[],"product_cat":[40,9],"product_tag":[],"class_list":{"0":"post-2195","1":"product","2":"type-product","3":"status-publish","4":"has-post-thumbnail","6":"product_cat-downloads","7":"product_cat-palestras","9":"first","10":"instock","11":"downloadable","12":"virtual","13":"purchasable","14":"product-type-simple","15":"entry"},"jetpack_publicize_connections":[],"jetpack_sharing_enabled":true,"_links":{"self":[{"href":"https:\/\/www.ufologiaintegrada.com.br\/site\/wp-json\/wp\/v2\/product\/2195","targetHints":{"allow":["GET"]}}],"collection":[{"href":"https:\/\/www.ufologiaintegrada.com.br\/site\/wp-json\/wp\/v2\/product"}],"about":[{"href":"https:\/\/www.ufologiaintegrada.com.br\/site\/wp-json\/wp\/v2\/types\/product"}],"wp:featuredmedia":[{"embeddable":true,"href":"https:\/\/www.ufologiaintegrada.com.br\/site\/wp-json\/wp\/v2\/media\/545"}],"wp:attachment":[{"href":"https:\/\/www.ufologiaintegrada.com.br\/site\/wp-json\/wp\/v2\/media?parent=2195"}],"wp:term":[{"taxonomy":"product_brand","embeddable":true,"href":"https:\/\/www.ufologiaintegrada.com.br\/site\/wp-json\/wp\/v2\/product_brand?post=2195"},{"taxonomy":"product_cat","embeddable":true,"href":"https:\/\/www.ufologiaintegrada.com.br\/site\/wp-json\/wp\/v2\/product_cat?post=2195"},{"taxonomy":"product_tag","embeddable":true,"href":"https:\/\/www.ufologiaintegrada.com.br\/site\/wp-json\/wp\/v2\/product_tag?post=2195"}],"curies":[{"name":"wp","href":"https:\/\/api.w.org\/{rel}","templated":true}]}}