{"id":2229,"date":"2019-08-22T19:32:15","date_gmt":"2019-08-22T19:32:15","guid":{"rendered":"https:\/\/www.ufologiaintegrada.com.br\/site\/?post_type=product&#038;p=2229"},"modified":"2020-04-02T13:34:53","modified_gmt":"2020-04-02T13:34:53","slug":"experiencias-pessoais-de-relacionamento-com-seres-extraterrestres-video-mp4","status":"publish","type":"product","link":"https:\/\/www.ufologiaintegrada.com.br\/site\/produto\/experiencias-pessoais-de-relacionamento-com-seres-extraterrestres-video-mp4\/","title":{"rendered":"EXPERI\u00caNCIAS PESSOAIS DE RELACIONAMENTO COM SERES EXTRATERRESTRES (V\u00eddeo mp4)"},"content":{"rendered":"<p><u>M\u00f4nica de Medeiros<\/u><\/p>\n<p>A pergunta base de todos os abduzidos \u00e9 &#8220;Porque Eu?&#8221;<\/p>\n<ul>\n<li>N\u00f3s somos v\u00edtimas ou volunt\u00e1rios no processo de abdu\u00e7\u00e3o?<\/li>\n<li>A palestrante informa que a abdu\u00e7\u00e3o \u00e9 dna dependente, que numa mesma fam\u00edlia, v\u00e1rios s\u00e3o abduzidos e a lei que rege este universo \u00e9 a da afinidade.<\/li>\n<li>Relata como o ser de 5a dimens\u00e3o de nome Shellyana, se apresentou a ela e quais as 3 condi\u00e7\u00f5es propostas para um trabalho conjunto.<\/li>\n<li>Ao perguntar a Shellyana &#8220;como voc\u00eas nos veem?&#8221;, recebeu a resposta &#8220;voc\u00eas s\u00e3o fascinantes, tem um potencial ilimitado, voc\u00eas s\u00e3o bons, pena que voc\u00eas n\u00e3o sabem disso.&#8221;<\/li>\n<\/ul>\n<p>Estas e outras quest\u00f5es s\u00e3o abordadas na palestra.<\/p>\n","protected":false},"excerpt":{"rendered":"<div class=\"entry-summary\">\n<div class=\"entry-summary\">\n1o Encontro de Ufologia Avan\u00e7ada do Paran\u00e1 &#8211; Curitiba &#8211; mar\u00e7o\/2015<\/p>\n<ul>\n<li><strong>Na compra de 4 ou mais produtos virtuais o pre\u00e7o cai de R$ 20,00 para R$ 15,00.<\/strong><\/li>\n<li><strong>\u00a0Ap\u00f3s a aprova\u00e7\u00e3o do pagamento um link ser\u00e1 enviado informando que o v\u00eddeo est\u00e1 dispon\u00edvel para Download no formato .mp4. ( tam. 1.017 mb)<\/strong><\/li>\n<\/ul>\n<\/div>\n<\/div>\n","protected":false},"featured_media":541,"template":"","meta":{"jetpack_post_was_ever_published":false,"jetpack_publicize_message":"","jetpack_publicize_feature_enabled":true,"jetpack_social_post_already_shared":true,"jetpack_social_options":{"image_generator_settings":{"template":"highway","default_image_id":0,"font":"","enabled":false},"version":2}},"product_brand":[],"product_cat":[40,9],"product_tag":[],"class_list":{"0":"post-2229","1":"product","2":"type-product","3":"status-publish","4":"has-post-thumbnail","6":"product_cat-downloads","7":"product_cat-palestras","9":"first","10":"instock","11":"downloadable","12":"virtual","13":"purchasable","14":"product-type-simple","15":"entry"},"jetpack_publicize_connections":[],"jetpack_sharing_enabled":true,"_links":{"self":[{"href":"https:\/\/www.ufologiaintegrada.com.br\/site\/wp-json\/wp\/v2\/product\/2229","targetHints":{"allow":["GET"]}}],"collection":[{"href":"https:\/\/www.ufologiaintegrada.com.br\/site\/wp-json\/wp\/v2\/product"}],"about":[{"href":"https:\/\/www.ufologiaintegrada.com.br\/site\/wp-json\/wp\/v2\/types\/product"}],"wp:featuredmedia":[{"embeddable":true,"href":"https:\/\/www.ufologiaintegrada.com.br\/site\/wp-json\/wp\/v2\/media\/541"}],"wp:attachment":[{"href":"https:\/\/www.ufologiaintegrada.com.br\/site\/wp-json\/wp\/v2\/media?parent=2229"}],"wp:term":[{"taxonomy":"product_brand","embeddable":true,"href":"https:\/\/www.ufologiaintegrada.com.br\/site\/wp-json\/wp\/v2\/product_brand?post=2229"},{"taxonomy":"product_cat","embeddable":true,"href":"https:\/\/www.ufologiaintegrada.com.br\/site\/wp-json\/wp\/v2\/product_cat?post=2229"},{"taxonomy":"product_tag","embeddable":true,"href":"https:\/\/www.ufologiaintegrada.com.br\/site\/wp-json\/wp\/v2\/product_tag?post=2229"}],"curies":[{"name":"wp","href":"https:\/\/api.w.org\/{rel}","templated":true}]}}