{"id":2231,"date":"2019-08-22T20:55:44","date_gmt":"2019-08-22T20:55:44","guid":{"rendered":"https:\/\/www.ufologiaintegrada.com.br\/site\/?post_type=product&#038;p=2231"},"modified":"2020-04-02T13:34:18","modified_gmt":"2020-04-02T13:34:18","slug":"grade-energetica-planetaria-das-linhas-de-ley-a-ortotenia-video-mp4","status":"publish","type":"product","link":"https:\/\/www.ufologiaintegrada.com.br\/site\/produto\/grade-energetica-planetaria-das-linhas-de-ley-a-ortotenia-video-mp4\/","title":{"rendered":"GRADE ENERG\u00c9TICA PLANET\u00c1RIA: DAS LINHAS DE LEY \u00c0 ORTOTENIA (V\u00eddeo mp4)"},"content":{"rendered":"<p><strong><u>M\u00f4nica de Medeiros<\/u><\/strong><\/p>\n<p>O que \u00e9 grade energ\u00e9tica? O que \u00e9 ortotenia? O que tem de rela\u00e7\u00e3o naves espaciais e a grade energ\u00e9tica do planeta? Esta palestra aborda, de modo did\u00e1tico e leve, as diferentes linhas de energia da Terra e as compara com um interessante ponto: as trajet\u00f3rias dos ufos. Ser\u00e1 que existem discovias? Atrav\u00e9s de intensa e detalhada pesquisa, a palestrante explica porque as grandes cidades foram fundadas onde est\u00e3o, porque existem locais onde nada d\u00e1 certo e porque os visitantes parecem adotar certos trajetos em seus deslocamentos.<\/p>\n","protected":false},"excerpt":{"rendered":"<div class=\"entry-summary\">\n<div class=\"entry-summary\">\nWorkshop com M\u00f4nica de Medeiros &#8211; A palestrante foi iniciada em xamanismo a pedido da extraterrestre Shellyana das Pl\u00eaiades. Em seu estudo, sentiu-se enraizada ao planeta e, ao mesmo tempo, projetada nas estrelas. A mais antiga forma de cren\u00e7a da atual humanidade data de 40.000 anos atr\u00e1s e se tornou cosmopolita numa era em que viagens eram inexistentes. Respeitando as diferen\u00e7as regionais, os xamans de todo mundo\u00a0executam os mesmos rituais e t\u00eam as mesmas cren\u00e7as e proje\u00e7\u00f5es astrais. Quem teria disseminado esta semente sagrada entre os povos antigos? O que \u00e9 xamanismo e como pode ser importante para o momento agudo de transi\u00e7\u00e3o planet\u00e1ria que vivemos. Por mais de 2 horas, nos sentimos levados a uma tribo, onde somos tratados e despertados para curarmos a n\u00f3s mesmos, em prol do planeta.<\/p>\n<ul>\n<li><strong>Na compra de 4 ou mais produtos virtuais o pre\u00e7o cai de R$ 20,00 para R$ 15,00.<\/strong><\/li>\n<li><strong>\u00a0Ap\u00f3s a aprova\u00e7\u00e3o do pagamento um link ser\u00e1 enviado informando que o v\u00eddeo est\u00e1 dispon\u00edvel para Download no formato .mp4. ( tamanho 900 mb)<\/strong><\/li>\n<\/ul>\n<\/div>\n<\/div>\n","protected":false},"featured_media":564,"template":"","meta":{"jetpack_post_was_ever_published":false,"jetpack_publicize_message":"","jetpack_publicize_feature_enabled":true,"jetpack_social_post_already_shared":true,"jetpack_social_options":{"image_generator_settings":{"template":"highway","default_image_id":0,"font":"","enabled":false},"version":2}},"product_brand":[],"product_cat":[40,9],"product_tag":[],"class_list":{"0":"post-2231","1":"product","2":"type-product","3":"status-publish","4":"has-post-thumbnail","6":"product_cat-downloads","7":"product_cat-palestras","9":"first","10":"instock","11":"downloadable","12":"virtual","13":"purchasable","14":"product-type-simple","15":"entry"},"jetpack_publicize_connections":[],"jetpack_sharing_enabled":true,"_links":{"self":[{"href":"https:\/\/www.ufologiaintegrada.com.br\/site\/wp-json\/wp\/v2\/product\/2231","targetHints":{"allow":["GET"]}}],"collection":[{"href":"https:\/\/www.ufologiaintegrada.com.br\/site\/wp-json\/wp\/v2\/product"}],"about":[{"href":"https:\/\/www.ufologiaintegrada.com.br\/site\/wp-json\/wp\/v2\/types\/product"}],"wp:featuredmedia":[{"embeddable":true,"href":"https:\/\/www.ufologiaintegrada.com.br\/site\/wp-json\/wp\/v2\/media\/564"}],"wp:attachment":[{"href":"https:\/\/www.ufologiaintegrada.com.br\/site\/wp-json\/wp\/v2\/media?parent=2231"}],"wp:term":[{"taxonomy":"product_brand","embeddable":true,"href":"https:\/\/www.ufologiaintegrada.com.br\/site\/wp-json\/wp\/v2\/product_brand?post=2231"},{"taxonomy":"product_cat","embeddable":true,"href":"https:\/\/www.ufologiaintegrada.com.br\/site\/wp-json\/wp\/v2\/product_cat?post=2231"},{"taxonomy":"product_tag","embeddable":true,"href":"https:\/\/www.ufologiaintegrada.com.br\/site\/wp-json\/wp\/v2\/product_tag?post=2231"}],"curies":[{"name":"wp","href":"https:\/\/api.w.org\/{rel}","templated":true}]}}