{"id":2235,"date":"2019-08-22T21:21:28","date_gmt":"2019-08-22T21:21:28","guid":{"rendered":"https:\/\/www.ufologiaintegrada.com.br\/site\/?post_type=product&#038;p=2235"},"modified":"2020-04-02T13:32:19","modified_gmt":"2020-04-02T13:32:19","slug":"workshop-xamanismo-video-mp4","status":"publish","type":"product","link":"https:\/\/www.ufologiaintegrada.com.br\/site\/produto\/workshop-xamanismo-video-mp4\/","title":{"rendered":"WORKSHOP: XAMANISMO (V\u00eddeo mp4)"},"content":{"rendered":"<p><u>M\u00f4nica de Medeiros<\/u><\/p>\n<p>A palestrante foi iniciada em xamanismo a pedido da extraterrestre Shellyana das Pleiades. Em seu estudo, sentiu-se enraizada ao planeta e, ao mesmo tempo, projetada nas estrelas. A mais antiga forma de cren\u00e7a da atual humanidade data de 40000 anos atr\u00e1s e se tornou cosmopolita numa era em que viagens eram inexistentes. Respeitando as diferen\u00e7as regionais, os xamans de todo mundo executam os mesmos rituais e t\u00eam as mesmas cren\u00e7as e proje\u00e7\u00f5es astrais. Quem teria disseminado esta semente sagrada entre os povos antigos? O que \u00e9 xamanismo e como pode ser importante ferramenta para o momento agudo de transi\u00e7\u00e3o planet\u00e1ria que vivemos. Por mais de 2 horas, nos sentimos levados a uma tribo, onde somos tratados e despertados para curarmos a n\u00f3s mesmo, em prol do planeta.<\/p>\n","protected":false},"excerpt":{"rendered":"<div class=\"entry-summary\">\n<div class=\"entry-summary\">\n<ul>\n<li><strong>Na compra de 4 ou mais produtos virtuais o pre\u00e7o cai de R$ 20,00 para R$ 15,00.<\/strong><\/li>\n<li><strong>\u00a0Ap\u00f3s a aprova\u00e7\u00e3o do pagamento um link ser\u00e1 enviado informando que o v\u00eddeo est\u00e1 dispon\u00edvel para Download no formato .mp4. ( tamanho 789 mb)<\/strong><\/li>\n<\/ul>\n<\/div>\n<\/div>\n","protected":false},"featured_media":549,"template":"","meta":{"jetpack_post_was_ever_published":false,"jetpack_publicize_message":"","jetpack_publicize_feature_enabled":true,"jetpack_social_post_already_shared":true,"jetpack_social_options":{"image_generator_settings":{"template":"highway","default_image_id":0,"font":"","enabled":false},"version":2}},"product_brand":[],"product_cat":[40,9],"product_tag":[],"class_list":{"0":"post-2235","1":"product","2":"type-product","3":"status-publish","4":"has-post-thumbnail","6":"product_cat-downloads","7":"product_cat-palestras","9":"first","10":"instock","11":"downloadable","12":"virtual","13":"purchasable","14":"product-type-simple","15":"entry"},"jetpack_publicize_connections":[],"jetpack_sharing_enabled":true,"_links":{"self":[{"href":"https:\/\/www.ufologiaintegrada.com.br\/site\/wp-json\/wp\/v2\/product\/2235","targetHints":{"allow":["GET"]}}],"collection":[{"href":"https:\/\/www.ufologiaintegrada.com.br\/site\/wp-json\/wp\/v2\/product"}],"about":[{"href":"https:\/\/www.ufologiaintegrada.com.br\/site\/wp-json\/wp\/v2\/types\/product"}],"wp:featuredmedia":[{"embeddable":true,"href":"https:\/\/www.ufologiaintegrada.com.br\/site\/wp-json\/wp\/v2\/media\/549"}],"wp:attachment":[{"href":"https:\/\/www.ufologiaintegrada.com.br\/site\/wp-json\/wp\/v2\/media?parent=2235"}],"wp:term":[{"taxonomy":"product_brand","embeddable":true,"href":"https:\/\/www.ufologiaintegrada.com.br\/site\/wp-json\/wp\/v2\/product_brand?post=2235"},{"taxonomy":"product_cat","embeddable":true,"href":"https:\/\/www.ufologiaintegrada.com.br\/site\/wp-json\/wp\/v2\/product_cat?post=2235"},{"taxonomy":"product_tag","embeddable":true,"href":"https:\/\/www.ufologiaintegrada.com.br\/site\/wp-json\/wp\/v2\/product_tag?post=2235"}],"curies":[{"name":"wp","href":"https:\/\/api.w.org\/{rel}","templated":true}]}}