{"id":2255,"date":"2019-08-23T19:31:06","date_gmt":"2019-08-23T19:31:06","guid":{"rendered":"https:\/\/www.ufologiaintegrada.com.br\/site\/?post_type=product&#038;p=2255"},"modified":"2020-04-02T13:29:18","modified_gmt":"2020-04-02T13:29:18","slug":"mudancas-nas-rotinas-das-abducoes-video-mp4","status":"publish","type":"product","link":"https:\/\/www.ufologiaintegrada.com.br\/site\/produto\/mudancas-nas-rotinas-das-abducoes-video-mp4\/","title":{"rendered":"MUDAN\u00c7AS NAS ROTINAS DAS ABDU\u00c7\u00d5ES (V\u00eddeo mp4)"},"content":{"rendered":"<p><span style=\"text-decoration: underline;\"><strong>M\u00f4nica de Medeiros<\/strong><\/span><\/p>\n<p>Biografia:<\/p>\n<p>A palestrante \u00e9 m\u00e9dica cirurgi\u00e3, formada pela Unicamp e com mestrado na universidade de Illinois, em Chicago, USA. \u00c9 fundadora da &#8220;CASA DO CONSOLADOR&#8221; em funcionamento h\u00e1 mais de 20 anos, entidade filantr\u00f3pica e universalista, em S\u00e3o Paulo, que presta auxilio a pessoas carentes e animais em sofrimento. \u00c9 escritora e conferencista internacional, consagrada nos meios espiritualista e ufol\u00f3gicos. \u00c9 sensitiva, contatada e mestre reikiana. Ministra cursos de autoconhecimento e expans\u00e3o de consci\u00eancia. E \u00e9 consultora da revista UFO.<\/p>\n<p>Sum\u00e1rio:<\/p>\n<ul>\n<li>A palestrante relata como os extraterrestres entraram em sua vida e os contatos, ainda crian\u00e7a, dentro de naves , quando era submetida a v\u00e1rios tipos de exames.<\/li>\n<li>Informa que as abdu\u00e7\u00f5es s\u00e3o em corpo f\u00edsico ou astral, e os efeitos causados nos abduzidos.<\/li>\n<li>Mostra que a presen\u00e7a de extraterrestres no planeta data de milhares de anos, corroborada por achados arqueol\u00f3gicos.<\/li>\n<li>Fala sobre seu encontro com um ser das Pl\u00eaiades, de 5a dimens\u00e3o,\u00a0 chamada Shellyana, e o trabalho conjunto exercido na casa do consolador.<\/li>\n<li>E enfatiza que o que eleva a frequ\u00eancia vibrat\u00f3ria do planeta nesta fase de transi\u00e7\u00e3o \u00e9 o exerc\u00edcio da fraternidade.<\/li>\n<\/ul>\n<p>Esta e outras perguntas s\u00e3o abordadas nesta palestra.<\/p>\n<p>Congresso de Ufologia III UFOZ 2014 &#8211; Foz do Igua\u00e7u\/PR<\/p>\n","protected":false},"excerpt":{"rendered":"<div class=\"entry-summary\">\n<div class=\"entry-summary\">\nPalestra de M\u00f4nica de Medeiros no Congresso de Ufologia III UFOZ 2014 &#8211; Foz do Igua\u00e7u\/PR.<\/p>\n<ul>\n<li><strong>Na compra de 4 ou mais produtos virtuais o pre\u00e7o cai de R$ 20,00 para R$ 15,00.<\/strong><\/li>\n<li><strong>\u00a0Ap\u00f3s a aprova\u00e7\u00e3o do pagamento um link ser\u00e1 enviado informando que o v\u00eddeo est\u00e1 dispon\u00edvel para Download no formato .mp4. ( tamanho 991 mb)<\/strong><\/li>\n<\/ul>\n<\/div>\n<\/div>\n","protected":false},"featured_media":548,"template":"","meta":{"jetpack_post_was_ever_published":false,"jetpack_publicize_message":"","jetpack_publicize_feature_enabled":true,"jetpack_social_post_already_shared":true,"jetpack_social_options":{"image_generator_settings":{"template":"highway","default_image_id":0,"font":"","enabled":false},"version":2}},"product_brand":[],"product_cat":[40,9],"product_tag":[],"class_list":{"0":"post-2255","1":"product","2":"type-product","3":"status-publish","4":"has-post-thumbnail","6":"product_cat-downloads","7":"product_cat-palestras","9":"first","10":"instock","11":"downloadable","12":"virtual","13":"purchasable","14":"product-type-simple","15":"entry"},"jetpack_publicize_connections":[],"jetpack_sharing_enabled":true,"_links":{"self":[{"href":"https:\/\/www.ufologiaintegrada.com.br\/site\/wp-json\/wp\/v2\/product\/2255","targetHints":{"allow":["GET"]}}],"collection":[{"href":"https:\/\/www.ufologiaintegrada.com.br\/site\/wp-json\/wp\/v2\/product"}],"about":[{"href":"https:\/\/www.ufologiaintegrada.com.br\/site\/wp-json\/wp\/v2\/types\/product"}],"wp:featuredmedia":[{"embeddable":true,"href":"https:\/\/www.ufologiaintegrada.com.br\/site\/wp-json\/wp\/v2\/media\/548"}],"wp:attachment":[{"href":"https:\/\/www.ufologiaintegrada.com.br\/site\/wp-json\/wp\/v2\/media?parent=2255"}],"wp:term":[{"taxonomy":"product_brand","embeddable":true,"href":"https:\/\/www.ufologiaintegrada.com.br\/site\/wp-json\/wp\/v2\/product_brand?post=2255"},{"taxonomy":"product_cat","embeddable":true,"href":"https:\/\/www.ufologiaintegrada.com.br\/site\/wp-json\/wp\/v2\/product_cat?post=2255"},{"taxonomy":"product_tag","embeddable":true,"href":"https:\/\/www.ufologiaintegrada.com.br\/site\/wp-json\/wp\/v2\/product_tag?post=2255"}],"curies":[{"name":"wp","href":"https:\/\/api.w.org\/{rel}","templated":true}]}}