{"id":2256,"date":"2019-08-23T19:36:12","date_gmt":"2019-08-23T19:36:12","guid":{"rendered":"https:\/\/www.ufologiaintegrada.com.br\/site\/?post_type=product&#038;p=2256"},"modified":"2020-04-02T13:28:36","modified_gmt":"2020-04-02T13:28:36","slug":"nova-espiritualidade-terrestre-video-mp4","status":"publish","type":"product","link":"https:\/\/www.ufologiaintegrada.com.br\/site\/produto\/nova-espiritualidade-terrestre-video-mp4\/","title":{"rendered":"NOVA ESPIRITUALIDADE TERRESTRE: (V\u00eddeo mp4)"},"content":{"rendered":"<p><u>M\u00f4nica de Medeiros<\/u><\/p>\n<p>A Terra encontra-se em pleno processo de mudan\u00e7a de n\u00edvel evolutivo. Na doutrina esp\u00edrita e no espiritualismo, isto \u00e9 conhecido como transi\u00e7\u00e3o planet\u00e1ria. Trata-se de um salto qu\u00e2ntico, onde o planeta deixar\u00e1 o n\u00edvel de Expia\u00e7\u00e3o e Provas para adentrar no de Regenera\u00e7\u00e3o, quando a dor n\u00e3o ser\u00e1 mais forte que o amor, nem a for\u00e7a preponderar\u00e1 sobre o direito. Mas este salto qu\u00e2ntico n\u00e3o \u00e9 apenas da Terra e interessa a todo este setor da Via L\u00e1ctea. O que acontecer\u00e1 com o planeta e todos os seus n\u00edveis evolutivos? Como ser\u00e1 o plano espiritual depois da transi\u00e7\u00e3o? Palestra imperd\u00edvel para quem se preocupa com o futuro.<\/p>\n","protected":false},"excerpt":{"rendered":"<div class=\"entry-summary\">\n<div class=\"entry-summary\">\n<ul>\n<li><strong>Na compra de 4 ou mais produtos virtuais o pre\u00e7o cai de R$ 20,00 para R$ 15,00.<\/strong><\/li>\n<li><strong>\u00a0Ap\u00f3s a aprova\u00e7\u00e3o do pagamento um link ser\u00e1 enviado informando que o v\u00eddeo est\u00e1 dispon\u00edvel para Download no formato .mp4. ( tamanho 949 mb)<\/strong><\/li>\n<\/ul>\n<\/div>\n<\/div>\n","protected":false},"featured_media":559,"template":"","meta":{"jetpack_post_was_ever_published":false,"jetpack_publicize_message":"","jetpack_publicize_feature_enabled":true,"jetpack_social_post_already_shared":true,"jetpack_social_options":{"image_generator_settings":{"template":"highway","default_image_id":0,"font":"","enabled":false},"version":2}},"product_brand":[],"product_cat":[40,9],"product_tag":[],"class_list":{"0":"post-2256","1":"product","2":"type-product","3":"status-publish","4":"has-post-thumbnail","6":"product_cat-downloads","7":"product_cat-palestras","9":"first","10":"instock","11":"downloadable","12":"virtual","13":"purchasable","14":"product-type-simple","15":"entry"},"jetpack_publicize_connections":[],"jetpack_sharing_enabled":true,"_links":{"self":[{"href":"https:\/\/www.ufologiaintegrada.com.br\/site\/wp-json\/wp\/v2\/product\/2256","targetHints":{"allow":["GET"]}}],"collection":[{"href":"https:\/\/www.ufologiaintegrada.com.br\/site\/wp-json\/wp\/v2\/product"}],"about":[{"href":"https:\/\/www.ufologiaintegrada.com.br\/site\/wp-json\/wp\/v2\/types\/product"}],"wp:featuredmedia":[{"embeddable":true,"href":"https:\/\/www.ufologiaintegrada.com.br\/site\/wp-json\/wp\/v2\/media\/559"}],"wp:attachment":[{"href":"https:\/\/www.ufologiaintegrada.com.br\/site\/wp-json\/wp\/v2\/media?parent=2256"}],"wp:term":[{"taxonomy":"product_brand","embeddable":true,"href":"https:\/\/www.ufologiaintegrada.com.br\/site\/wp-json\/wp\/v2\/product_brand?post=2256"},{"taxonomy":"product_cat","embeddable":true,"href":"https:\/\/www.ufologiaintegrada.com.br\/site\/wp-json\/wp\/v2\/product_cat?post=2256"},{"taxonomy":"product_tag","embeddable":true,"href":"https:\/\/www.ufologiaintegrada.com.br\/site\/wp-json\/wp\/v2\/product_tag?post=2256"}],"curies":[{"name":"wp","href":"https:\/\/api.w.org\/{rel}","templated":true}]}}