{"id":2257,"date":"2019-08-23T19:52:48","date_gmt":"2019-08-23T19:52:48","guid":{"rendered":"https:\/\/www.ufologiaintegrada.com.br\/site\/?post_type=product&#038;p=2257"},"modified":"2020-04-02T13:27:57","modified_gmt":"2020-04-02T13:27:57","slug":"planos-de-evolucao-video-mp4","status":"publish","type":"product","link":"https:\/\/www.ufologiaintegrada.com.br\/site\/produto\/planos-de-evolucao-video-mp4\/","title":{"rendered":"PLANOS DE EVOLU\u00c7\u00c3O (V\u00eddeo mp4)"},"content":{"rendered":"<p><u>M\u00f4nica de Medeiros<\/u><\/p>\n<p>A doutrina esp\u00edrita tem enorme contribui\u00e7\u00e3o no entendimento do mundo sutil que nos cerca. Codificada em 1857, com a publica\u00e7\u00e3o do Livro dos Esp\u00edritos, por Allan Kardec, a doutrina teve em Chico Xavier seu mais expoente divulgador, com centenas de livros que trouxeram o conhecimento do mundo invis\u00edvel, atrav\u00e9s de escritorer como Andr\u00e9 Luiz, Emmanuel e tantos mestres da vida que continua al\u00e9m do corpo f\u00edsico. Nesta palestra, o tema s\u00e3o as diferentes moradas que existem no plano espiritual, com suas caracter\u00edsticas, particularidades. Um \u00f3timo convite a sermos melhores a cada dia, para merecermos gozar de planos onde predomina a paz e a fraternidade.<\/p>\n","protected":false},"excerpt":{"rendered":"<div class=\"entry-summary\">\n<div class=\"entry-summary\">\nWorkshop especial com M\u00f4nica de Medeiros e Margarete \u00c1quila no I F\u00f3rum Mundial de Contatados em Florian\u00f3polis-SC em junho\/2013.<\/p>\n<ul>\n<li><strong>Na compra de 4 ou mais produtos virtuais o pre\u00e7o cai de R$ 20,00 para R$ 15,00.<\/strong><\/li>\n<li><strong>\u00a0Ap\u00f3s a aprova\u00e7\u00e3o do pagamento um link ser\u00e1 enviado informando que o v\u00eddeo est\u00e1 dispon\u00edvel para Download no formato .mp4. ( tamanho 1 gb)<\/strong><\/li>\n<\/ul>\n<\/div>\n<\/div>\n","protected":false},"featured_media":568,"template":"","meta":{"jetpack_post_was_ever_published":false,"jetpack_publicize_message":"","jetpack_publicize_feature_enabled":true,"jetpack_social_post_already_shared":true,"jetpack_social_options":{"image_generator_settings":{"template":"highway","default_image_id":0,"font":"","enabled":false},"version":2}},"product_brand":[],"product_cat":[40,9],"product_tag":[],"class_list":{"0":"post-2257","1":"product","2":"type-product","3":"status-publish","4":"has-post-thumbnail","6":"product_cat-downloads","7":"product_cat-palestras","9":"first","10":"instock","11":"downloadable","12":"virtual","13":"purchasable","14":"product-type-simple","15":"entry"},"jetpack_publicize_connections":[],"jetpack_sharing_enabled":true,"_links":{"self":[{"href":"https:\/\/www.ufologiaintegrada.com.br\/site\/wp-json\/wp\/v2\/product\/2257","targetHints":{"allow":["GET"]}}],"collection":[{"href":"https:\/\/www.ufologiaintegrada.com.br\/site\/wp-json\/wp\/v2\/product"}],"about":[{"href":"https:\/\/www.ufologiaintegrada.com.br\/site\/wp-json\/wp\/v2\/types\/product"}],"wp:featuredmedia":[{"embeddable":true,"href":"https:\/\/www.ufologiaintegrada.com.br\/site\/wp-json\/wp\/v2\/media\/568"}],"wp:attachment":[{"href":"https:\/\/www.ufologiaintegrada.com.br\/site\/wp-json\/wp\/v2\/media?parent=2257"}],"wp:term":[{"taxonomy":"product_brand","embeddable":true,"href":"https:\/\/www.ufologiaintegrada.com.br\/site\/wp-json\/wp\/v2\/product_brand?post=2257"},{"taxonomy":"product_cat","embeddable":true,"href":"https:\/\/www.ufologiaintegrada.com.br\/site\/wp-json\/wp\/v2\/product_cat?post=2257"},{"taxonomy":"product_tag","embeddable":true,"href":"https:\/\/www.ufologiaintegrada.com.br\/site\/wp-json\/wp\/v2\/product_tag?post=2257"}],"curies":[{"name":"wp","href":"https:\/\/api.w.org\/{rel}","templated":true}]}}