{"id":2262,"date":"2019-08-23T21:36:50","date_gmt":"2019-08-23T21:36:50","guid":{"rendered":"https:\/\/www.ufologiaintegrada.com.br\/site\/?post_type=product&#038;p=2262"},"modified":"2020-04-02T13:25:46","modified_gmt":"2020-04-02T13:25:46","slug":"a-queda-dos-anjos-video-mp4","status":"publish","type":"product","link":"https:\/\/www.ufologiaintegrada.com.br\/site\/produto\/a-queda-dos-anjos-video-mp4\/","title":{"rendered":"A QUEDA DOS ANJOS (V\u00eddeo mp4)"},"content":{"rendered":"<p><strong><u>M\u00f4nica de Medeiros<\/u><\/strong><\/p>\n<p>Tema, altamente, controverso. Existe L\u00facifer? Quem s\u00e3o os anjos ca\u00eddos? Aconteceu uma rebeli\u00e3o neste universo? Por parte de quem? Quem s\u00e3o os draconianos? Como a Terra se envolveu nesse conflito? Pol\u00eamicas e verdades. Pesquisa muito bem conduzida , numa palestra que nos faz pensar.<\/p>\n","protected":false},"excerpt":{"rendered":"<div class=\"entry-summary\">\n<div class=\"entry-summary\">\n<ul>\n<li><strong>Na compra de 4 ou mais produtos virtuais o pre\u00e7o cai de R$ 20,00 para R$ 15,00.<\/strong><\/li>\n<li><strong>\u00a0Ap\u00f3s a aprova\u00e7\u00e3o do pagamento um link ser\u00e1 enviado informando que o v\u00eddeo est\u00e1 dispon\u00edvel para Download no formato .mp4. ( tamanho 1 gb)<\/strong><\/li>\n<\/ul>\n<\/div>\n<\/div>\n","protected":false},"featured_media":556,"template":"","meta":{"jetpack_post_was_ever_published":false,"jetpack_publicize_message":"","jetpack_publicize_feature_enabled":true,"jetpack_social_post_already_shared":true,"jetpack_social_options":{"image_generator_settings":{"template":"highway","default_image_id":0,"font":"","enabled":false},"version":2}},"product_brand":[],"product_cat":[40,9],"product_tag":[],"class_list":{"0":"post-2262","1":"product","2":"type-product","3":"status-publish","4":"has-post-thumbnail","6":"product_cat-downloads","7":"product_cat-palestras","9":"first","10":"instock","11":"downloadable","12":"virtual","13":"purchasable","14":"product-type-simple","15":"entry"},"jetpack_publicize_connections":[],"jetpack_sharing_enabled":true,"_links":{"self":[{"href":"https:\/\/www.ufologiaintegrada.com.br\/site\/wp-json\/wp\/v2\/product\/2262","targetHints":{"allow":["GET"]}}],"collection":[{"href":"https:\/\/www.ufologiaintegrada.com.br\/site\/wp-json\/wp\/v2\/product"}],"about":[{"href":"https:\/\/www.ufologiaintegrada.com.br\/site\/wp-json\/wp\/v2\/types\/product"}],"wp:featuredmedia":[{"embeddable":true,"href":"https:\/\/www.ufologiaintegrada.com.br\/site\/wp-json\/wp\/v2\/media\/556"}],"wp:attachment":[{"href":"https:\/\/www.ufologiaintegrada.com.br\/site\/wp-json\/wp\/v2\/media?parent=2262"}],"wp:term":[{"taxonomy":"product_brand","embeddable":true,"href":"https:\/\/www.ufologiaintegrada.com.br\/site\/wp-json\/wp\/v2\/product_brand?post=2262"},{"taxonomy":"product_cat","embeddable":true,"href":"https:\/\/www.ufologiaintegrada.com.br\/site\/wp-json\/wp\/v2\/product_cat?post=2262"},{"taxonomy":"product_tag","embeddable":true,"href":"https:\/\/www.ufologiaintegrada.com.br\/site\/wp-json\/wp\/v2\/product_tag?post=2262"}],"curies":[{"name":"wp","href":"https:\/\/api.w.org\/{rel}","templated":true}]}}