{"id":2266,"date":"2019-08-23T22:49:21","date_gmt":"2019-08-23T22:49:21","guid":{"rendered":"https:\/\/www.ufologiaintegrada.com.br\/site\/?post_type=product&#038;p=2266"},"modified":"2020-07-29T13:42:00","modified_gmt":"2020-07-29T13:42:00","slug":"ufologia-espiritualista-e-psiquica-video-mp4","status":"publish","type":"product","link":"https:\/\/www.ufologiaintegrada.com.br\/site\/produto\/ufologia-espiritualista-e-psiquica-video-mp4\/","title":{"rendered":"UFOLOGIA ESPIRITUALISTA E PS\u00cdQUICA (V\u00eddeo mp4)"},"content":{"rendered":"<p><u>Margarete \u00c1quila<\/u><\/p>\n<p>Biografia:<\/p>\n<ul>\n<li>A palestrante \u00e9 formada em matem\u00e1tica.<\/li>\n<li>P\u00f3s graduada em sistemas de gerenciamento de informa\u00e7\u00e3o.<\/li>\n<li>Psicanalista, com trabalho direcionado para pacientes abduzidos.<\/li>\n<li>Musicista e cantora, com trabalho voltado para a eleva\u00e7\u00e3o frequencial das pessoas &#8211; gravou CDs e DVDs com esse objetivo.<\/li>\n<li>\u00c9 escritora e palestrante internacional, na \u00e1rea do Autoconhecimento (ministra cursos sobre o assunto), Espiritualidade e Ufologia.<\/li>\n<\/ul>\n<p>Sum\u00e1rio:<\/p>\n<ul>\n<li>Por que estamos na terceira dimens\u00e3o?<\/li>\n<li>A palestrante mostra os diversos autores que, desde 1867, j\u00e1 falavam da vida em outros planetas.<\/li>\n<li>Como os seres de outras dimens\u00f5es podem se mostrar para n\u00f3s?<\/li>\n<li>Voc\u00ea sabia que j\u00e1 h\u00e1 extraterrestres trabalhando com os humanos, em centros espiritualistas, visando a sa\u00fade das pessoas? E que o trabalho se realiza por sintonia vibrat\u00f3ria?<\/li>\n<li>Sabia que quanto mais cristais de apatita voc\u00ea tiver na gl\u00e2ndula pineal mais f\u00e1cil ser\u00e1 o contato com seres de outras dimens\u00f5es?<\/li>\n<li>Os extraterrestres passam a mensagem que temos de trabalhar em conjunto, porque todos somos um, para darmos o SALTO QU\u00c2NTICO QUE A HUMANIDADE MERECE.<\/li>\n<\/ul>\n<p>Estas e outras quest\u00f5es s\u00e3o abordadas nesta palestra.<\/p>\n<p>Primeiro Encontro de Ufologia Avan\u00e7ada do Paran\u00e1<\/p>\n<p>Curitiba &#8211; PR \/ Mar\u00e7o-2015<\/p>\n","protected":false},"excerpt":{"rendered":"<div class=\"entry-summary\">\n<div class=\"entry-summary\">\nPalestra de Margarete \u00c1quila no Primeiro Encontro de Ufologia Avan\u00e7ada do Paran\u00e1 em Curitiba no m\u00eas de\u00a0 Mar\u00e7o\/2015.<\/p>\n<ul>\n<li><strong>Na compra de 4 ou mais produtos virtuais o pre\u00e7o cai de R$ 20,00 para R$ 15,00.<\/strong><\/li>\n<li><strong>\u00a0Ap\u00f3s a aprova\u00e7\u00e3o do pagamento um link ser\u00e1 enviado informando que o v\u00eddeo est\u00e1 dispon\u00edvel para Download no formato .mp4. ( tamanho 927 mb)<\/strong><\/li>\n<\/ul>\n<\/div>\n<\/div>\n","protected":false},"featured_media":569,"template":"","meta":{"jetpack_post_was_ever_published":false,"jetpack_publicize_message":"","jetpack_publicize_feature_enabled":true,"jetpack_social_post_already_shared":true,"jetpack_social_options":{"image_generator_settings":{"template":"highway","default_image_id":0,"font":"","enabled":false},"version":2}},"product_brand":[],"product_cat":[40,9],"product_tag":[],"class_list":{"0":"post-2266","1":"product","2":"type-product","3":"status-publish","4":"has-post-thumbnail","6":"product_cat-downloads","7":"product_cat-palestras","9":"first","10":"instock","11":"downloadable","12":"virtual","13":"purchasable","14":"product-type-simple","15":"entry"},"jetpack_publicize_connections":[],"jetpack_sharing_enabled":true,"_links":{"self":[{"href":"https:\/\/www.ufologiaintegrada.com.br\/site\/wp-json\/wp\/v2\/product\/2266","targetHints":{"allow":["GET"]}}],"collection":[{"href":"https:\/\/www.ufologiaintegrada.com.br\/site\/wp-json\/wp\/v2\/product"}],"about":[{"href":"https:\/\/www.ufologiaintegrada.com.br\/site\/wp-json\/wp\/v2\/types\/product"}],"wp:featuredmedia":[{"embeddable":true,"href":"https:\/\/www.ufologiaintegrada.com.br\/site\/wp-json\/wp\/v2\/media\/569"}],"wp:attachment":[{"href":"https:\/\/www.ufologiaintegrada.com.br\/site\/wp-json\/wp\/v2\/media?parent=2266"}],"wp:term":[{"taxonomy":"product_brand","embeddable":true,"href":"https:\/\/www.ufologiaintegrada.com.br\/site\/wp-json\/wp\/v2\/product_brand?post=2266"},{"taxonomy":"product_cat","embeddable":true,"href":"https:\/\/www.ufologiaintegrada.com.br\/site\/wp-json\/wp\/v2\/product_cat?post=2266"},{"taxonomy":"product_tag","embeddable":true,"href":"https:\/\/www.ufologiaintegrada.com.br\/site\/wp-json\/wp\/v2\/product_tag?post=2266"}],"curies":[{"name":"wp","href":"https:\/\/api.w.org\/{rel}","templated":true}]}}