{"id":6197,"date":"2020-04-12T16:47:20","date_gmt":"2020-04-12T16:47:20","guid":{"rendered":"https:\/\/www.ufologiaintegrada.com.br\/site\/?post_type=product&#038;p=6197"},"modified":"2021-02-06T13:06:19","modified_gmt":"2021-02-06T13:06:19","slug":"projeto-contato-ii-e-book","status":"publish","type":"product","link":"https:\/\/www.ufologiaintegrada.com.br\/site\/produto\/projeto-contato-ii-e-book\/","title":{"rendered":"Projeto Contato E-Book (Livro digital em PDF)"},"content":{"rendered":"<div>sinopse<\/div>\n<div><\/div>\n<div>\n<div>Uma obra que explora a hist\u00f3ria antiga e recente do Fen\u00f4meno UFO e analisa o que o futuro nos reserva, revelando como agem nossos visitantes e exercitando um pensamento ousado de como melhor poderemos aproveitar a fase em que jamais voltaremos a estar s\u00f3s no universo<\/div>\n<p>O que os extraterrestres buscam em nosso planeta? Por que nos observam t\u00e3o cuidadosamente? O que pretendem com a humanidade terrestre? Seriam apenas conquistadores siderais em busca de mais territ\u00f3rio para sua esp\u00e9cie ou irm\u00e3os c\u00f3smicos tentando se aproximar? Estas s\u00e3o apenas algumas das muitas perguntas que sempre incomodaram os estudiosos do Fen\u00f4meno UFO, que tentam esclarecer o que, afinal, nossos visitantes querem na Terra e com o ser humano. Apesar de ainda n\u00e3o termos todas as respostas, a Ufologia avan\u00e7a rapidamente na dire\u00e7\u00e3o de compreender a milenar presen\u00e7a alien\u00edgena na Terra.<\/p>\n<p>Agora, um esfor\u00e7o significativo neste sentido \u00e9 dado com o lan\u00e7amento da obra in\u00e9dita Projeto Contato, de autoria conjunta da m\u00e9dica, m\u00e9dium e uf\u00f3loga M\u00f4nica de Medeiros e da psicanalista e contatada Margarete \u00c1quila. Ambas somaram seus conhecimentos \u2014 que penetram a fenomenologia ufol\u00f3gica a partir de v\u00e1rios \u00e2ngulos \u2014 para levar ao leitor um panorama da a\u00e7\u00e3o na Terra de outras intelig\u00eancias c\u00f3smicas, com a ousadia de apresentar algumas das t\u00e3o desejadas respostas para o maior mist\u00e9rio que ronda a humanidade.<\/p>\n<p>\u201cEm um futuro ainda n\u00e3o estimado, passaremos a ser cidad\u00e3os c\u00f3smicos, tanto quanto j\u00e1 s\u00e3o aqueles que se dedicam a explorar o universo e chegam at\u00e9 aqui em suas naves. Ser\u00e1 necess\u00e1ria uma grande e dedicada prepara\u00e7\u00e3o para este dia, que demandar\u00e1 s\u00e9rias e profundas reformula\u00e7\u00f5es individuais e coletivas da humanidade terrestre\u201d, assim o editor da Revista UFO A. J. Gevaerd definiu, a an\u00e1lise que faz do livro das autoras. Esta obra, enfim, explora com propriedade a hist\u00f3ria antiga e recente do Fen\u00f4meno UFO e analisa o que o futuro nos reserva, revelando como agem nossos visitantes no planeta e exercitando um pensamento ousado, mas respons\u00e1vel, de como melhor poderemos aproveitar a fase em que jamais voltaremos a estar s\u00f3s no universo.<\/p>\n<\/div>\n","protected":false},"excerpt":{"rendered":"<div class=\"entry-summary\">\n<div class=\"entry-summary\">\n<div>sinopse<\/div>\n<div><\/div>\n<div>\n<div>Uma obra que explora a hist\u00f3ria antiga e recente do Fen\u00f4meno UFO e analisa o que o futuro nos reserva, revelando como agem nossos visitantes e exercitando um pensamento ousado de como melhor poderemos aproveitar a fase em que jamais voltaremos a estar s\u00f3s no universo<\/div>\n<p>O que os extraterrestres buscam em nosso planeta? Por que nos observam t\u00e3o cuidadosamente? O que pretendem com a humanidade terrestre? Seriam apenas conquistadores siderais em busca de mais territ\u00f3rio para sua esp\u00e9cie ou irm\u00e3os c\u00f3smicos tentando se aproximar? Estas s\u00e3o apenas algumas das muitas perguntas que sempre incomodaram os estudiosos do Fen\u00f4meno UFO, que tentam esclarecer o que, afinal, nossos visitantes querem na Terra e com o ser humano. Apesar de ainda n\u00e3o termos todas as respostas, a Ufologia avan\u00e7a rapidamente na dire\u00e7\u00e3o de compreender a milenar presen\u00e7a alien\u00edgena na Terra.<\/p>\n<p>Agora, um esfor\u00e7o significativo neste sentido \u00e9 dado com o lan\u00e7amento da obra in\u00e9dita Projeto Contato, de autoria conjunta da m\u00e9dica, m\u00e9dium e uf\u00f3loga M\u00f4nica de Medeiros e da psicanalista e contatada Margarete \u00c1quila. Ambas somaram seus conhecimentos \u2014 que penetram a fenomenologia ufol\u00f3gica a partir de v\u00e1rios \u00e2ngulos \u2014 para levar ao leitor um panorama da a\u00e7\u00e3o na Terra de outras intelig\u00eancias c\u00f3smicas, com a ousadia de apresentar algumas das t\u00e3o desejadas respostas para o maior mist\u00e9rio que ronda a humanidade.<\/p>\n<p>\u201cEm um futuro ainda n\u00e3o estimado, passaremos a ser cidad\u00e3os c\u00f3smicos, tanto quanto j\u00e1 s\u00e3o aqueles que se dedicam a explorar o universo e chegam at\u00e9 aqui em suas naves. Ser\u00e1 necess\u00e1ria uma grande e dedicada prepara\u00e7\u00e3o para este dia, que demandar\u00e1 s\u00e9rias e profundas reformula\u00e7\u00f5es individuais e coletivas da humanidade terrestre\u201d, assim o editor da Revista UFO A. J. Gevaerd definiu, a an\u00e1lise que faz do livro das autoras. Esta obra, enfim, explora com propriedade a hist\u00f3ria antiga e recente do Fen\u00f4meno UFO e analisa o que o futuro nos reserva, revelando como agem nossos visitantes no planeta e exercitando um pensamento ousado, mas respons\u00e1vel, de como melhor poderemos aproveitar a fase em que jamais voltaremos a estar s\u00f3s no universo.<\/p>\n<p><strong>* Os produtos digitais estar\u00e3o dispon\u00edveis para download em nosso site ap\u00f3s a libera\u00e7\u00e3o do pagamento.<br \/>\n<\/strong><\/p>\n<\/div>\n<\/div>\n<\/div>\n","protected":false},"featured_media":6539,"template":"","meta":{"jetpack_post_was_ever_published":false,"jetpack_publicize_message":"","jetpack_publicize_feature_enabled":true,"jetpack_social_post_already_shared":true,"jetpack_social_options":{"image_generator_settings":{"template":"highway","default_image_id":0,"font":"","enabled":false},"version":2}},"product_brand":[],"product_cat":[40,10],"product_tag":[],"class_list":{"0":"post-6197","1":"product","2":"type-product","3":"status-publish","4":"has-post-thumbnail","6":"product_cat-downloads","7":"product_cat-livros","9":"first","10":"instock","11":"downloadable","12":"virtual","13":"purchasable","14":"product-type-simple","15":"entry"},"jetpack_publicize_connections":[],"jetpack_sharing_enabled":true,"_links":{"self":[{"href":"https:\/\/www.ufologiaintegrada.com.br\/site\/wp-json\/wp\/v2\/product\/6197","targetHints":{"allow":["GET"]}}],"collection":[{"href":"https:\/\/www.ufologiaintegrada.com.br\/site\/wp-json\/wp\/v2\/product"}],"about":[{"href":"https:\/\/www.ufologiaintegrada.com.br\/site\/wp-json\/wp\/v2\/types\/product"}],"wp:featuredmedia":[{"embeddable":true,"href":"https:\/\/www.ufologiaintegrada.com.br\/site\/wp-json\/wp\/v2\/media\/6539"}],"wp:attachment":[{"href":"https:\/\/www.ufologiaintegrada.com.br\/site\/wp-json\/wp\/v2\/media?parent=6197"}],"wp:term":[{"taxonomy":"product_brand","embeddable":true,"href":"https:\/\/www.ufologiaintegrada.com.br\/site\/wp-json\/wp\/v2\/product_brand?post=6197"},{"taxonomy":"product_cat","embeddable":true,"href":"https:\/\/www.ufologiaintegrada.com.br\/site\/wp-json\/wp\/v2\/product_cat?post=6197"},{"taxonomy":"product_tag","embeddable":true,"href":"https:\/\/www.ufologiaintegrada.com.br\/site\/wp-json\/wp\/v2\/product_tag?post=6197"}],"curies":[{"name":"wp","href":"https:\/\/api.w.org\/{rel}","templated":true}]}}