{"id":7711,"date":"2021-09-23T22:15:18","date_gmt":"2021-09-23T22:15:18","guid":{"rendered":"https:\/\/www.ufologiaintegrada.com.br\/site\/?post_type=product&#038;p=7711"},"modified":"2021-09-23T22:36:02","modified_gmt":"2021-09-23T22:36:02","slug":"preparacao-para-o-contato","status":"publish","type":"product","link":"https:\/\/www.ufologiaintegrada.com.br\/site\/produto\/preparacao-para-o-contato\/","title":{"rendered":"PREPARA\u00c7\u00c3O PARA O CONTATO (V\u00eddeo mp4)"},"content":{"rendered":"<p>O que falta para a humanidade alcan\u00e7ar o contato com ra\u00e7as mais evolu\u00eddas extraterrestres num ponto de vista espiritual, f\u00edsico, ps\u00edquico-emocional e intelectual.<\/p>\n<p>Palestra de M\u00f4nica de Medeiros<\/p>\n","protected":false},"excerpt":{"rendered":"<div class=\"entry-summary\">\n<div class=\"entry-summary\">\nPalestra de Margarete \u00c1quila .<\/p>\n<ul>\n<li><strong>Na compra de 4 ou mais produtos virtuais o pre\u00e7o cai de R$ 20,00 para R$ 15,00.<\/strong><\/li>\n<li><strong>\u00a0Ap\u00f3s a aprova\u00e7\u00e3o do pagamento um link ser\u00e1 enviado informando que o v\u00eddeo est\u00e1 dispon\u00edvel para Download no formato .mp4. ( tamanho 354mb)<\/strong><\/li>\n<\/ul>\n<\/div>\n<\/div>\n","protected":false},"featured_media":7712,"template":"","meta":{"jetpack_post_was_ever_published":false,"jetpack_publicize_message":"","jetpack_publicize_feature_enabled":true,"jetpack_social_post_already_shared":true,"jetpack_social_options":{"image_generator_settings":{"template":"highway","default_image_id":0,"font":"","enabled":false},"version":2}},"product_brand":[],"product_cat":[40,9],"product_tag":[],"class_list":{"0":"post-7711","1":"product","2":"type-product","3":"status-publish","4":"has-post-thumbnail","6":"product_cat-downloads","7":"product_cat-palestras","9":"first","10":"instock","11":"downloadable","12":"virtual","13":"purchasable","14":"product-type-simple","15":"entry"},"jetpack_publicize_connections":[],"jetpack_sharing_enabled":true,"_links":{"self":[{"href":"https:\/\/www.ufologiaintegrada.com.br\/site\/wp-json\/wp\/v2\/product\/7711","targetHints":{"allow":["GET"]}}],"collection":[{"href":"https:\/\/www.ufologiaintegrada.com.br\/site\/wp-json\/wp\/v2\/product"}],"about":[{"href":"https:\/\/www.ufologiaintegrada.com.br\/site\/wp-json\/wp\/v2\/types\/product"}],"wp:featuredmedia":[{"embeddable":true,"href":"https:\/\/www.ufologiaintegrada.com.br\/site\/wp-json\/wp\/v2\/media\/7712"}],"wp:attachment":[{"href":"https:\/\/www.ufologiaintegrada.com.br\/site\/wp-json\/wp\/v2\/media?parent=7711"}],"wp:term":[{"taxonomy":"product_brand","embeddable":true,"href":"https:\/\/www.ufologiaintegrada.com.br\/site\/wp-json\/wp\/v2\/product_brand?post=7711"},{"taxonomy":"product_cat","embeddable":true,"href":"https:\/\/www.ufologiaintegrada.com.br\/site\/wp-json\/wp\/v2\/product_cat?post=7711"},{"taxonomy":"product_tag","embeddable":true,"href":"https:\/\/www.ufologiaintegrada.com.br\/site\/wp-json\/wp\/v2\/product_tag?post=7711"}],"curies":[{"name":"wp","href":"https:\/\/api.w.org\/{rel}","templated":true}]}}